  {"id":20,"date":"2022-09-17T13:43:05","date_gmt":"2022-09-17T13:43:05","guid":{"rendered":"https:\/\/italoprimus-coach.eu\/?page_id=20"},"modified":"2022-09-19T17:06:43","modified_gmt":"2022-09-19T17:06:43","slug":"analyse-de-signature","status":"publish","type":"page","link":"https:\/\/italoprimus-coach.fr\/?page_id=20","title":{"rendered":"Analyse de signature"},"content":{"rendered":"<p>[et_pb_section fb_built=\u00a0\u00bb1&Prime; admin_label=\u00a0\u00bbAbout\u00a0\u00bb _builder_version=\u00a0\u00bb4.16&Prime; custom_padding=\u00a0\u00bb||0px|||\u00a0\u00bb box_shadow_style=\u00a0\u00bbpreset7&Prime; box_shadow_horizontal=\u00a0\u00bb0px\u00a0\u00bb box_shadow_vertical=\u00a0\u00bb-16vw\u00a0\u00bb box_shadow_color=\u00a0\u00bb#f4f1ec\u00a0\u00bb global_colors_info=\u00a0\u00bb{}\u00a0\u00bb][et_pb_row _builder_version=\u00a0\u00bb4.16&Prime; z_index=\u00a0\u00bb12&Prime; custom_margin=\u00a0\u00bb||30px||false|false\u00a0\u00bb global_colors_info=\u00a0\u00bb{}\u00a0\u00bb][et_pb_column type=\u00a0\u00bb4_4&Prime; _builder_version=\u00a0\u00bb4.16&Prime; global_colors_info=\u00a0\u00bb{}\u00a0\u00bb][et_pb_text _builder_version=\u00a0\u00bb4.17.1&Prime; header_3_font=\u00a0\u00bbBellefair||||||||\u00a0\u00bb header_3_text_color=\u00a0\u00bb#000000&Prime; header_3_font_size=\u00a0\u00bb88px\u00a0\u00bb header_3_line_height=\u00a0\u00bb1.2em\u00a0\u00bb text_orientation=\u00a0\u00bbcenter\u00a0\u00bb header_3_font_size_tablet=\u00a0\u00bb42px\u00a0\u00bb header_3_font_size_phone=\u00a0\u00bb34px\u00a0\u00bb header_3_font_size_last_edited=\u00a0\u00bbon|tablet\u00a0\u00bb locked=\u00a0\u00bboff\u00a0\u00bb inline_fonts=\u00a0\u00bbCaveat\u00a0\u00bb global_colors_info=\u00a0\u00bb{}\u00a0\u00bb]<\/p>\n<h3>Italo <span style=\"font-family: Caveat; font-weight: normal; color: rgba(0, 0, 0, 0.2); font-size: 156px;\">P<\/span><a class=\"ab-item\" href=\"http:\/\/italoprimus-coach.fr\/?page_id=18\"><\/a><span style=\"font-family: Caveat; font-weight: normal; color: rgba(0, 0, 0, 0.2); font-size: 156px;\">rimus<\/span><\/h3>\n<p>[\/et_pb_text][\/et_pb_column][\/et_pb_row][et_pb_row column_structure=\u00a0\u00bb1_2,1_2&Prime; _builder_version=\u00a0\u00bb4.16&Prime; z_index=\u00a0\u00bb11&Prime; custom_padding=\u00a0\u00bb0px||0px|||\u00a0\u00bb global_colors_info=\u00a0\u00bb{}\u00a0\u00bb][et_pb_column type=\u00a0\u00bb1_2&Prime; _builder_version=\u00a0\u00bb4.16&Prime; global_colors_info=\u00a0\u00bb{}\u00a0\u00bb][et_pb_image src=\u00a0\u00bbhttps:\/\/italoprimus-coach.eu\/wp-content\/uploads\/2022\/09\/615ac850fec1d11202f0b691_graphologue-lyon-ecriture-bien-etre.jpeg\u00a0\u00bb title_text=\u00a0\u00bb615ac850fec1d11202f0b691_graphologue-lyon-ecriture-bien-etre\u00a0\u00bb _builder_version=\u00a0\u00bb4.16&Prime; custom_margin=\u00a0\u00bb-120px|80px||-10vw|false|false\u00a0\u00bb custom_margin_tablet=\u00a0\u00bb|||0vw|false|false\u00a0\u00bb custom_margin_phone=\u00a0\u00bb\u00a0\u00bb custom_margin_last_edited=\u00a0\u00bbon|phone\u00a0\u00bb global_colors_info=\u00a0\u00bb{}\u00a0\u00bb][\/et_pb_image][et_pb_image src=\u00a0\u00bbhttps:\/\/italoprimus-coach.eu\/wp-content\/uploads\/2022\/09\/ItPrBanner_bigscreen.png\u00a0\u00bb title_text=\u00a0\u00bbItPrBanner_bigscreen\u00a0\u00bb _builder_version=\u00a0\u00bb4.16&Prime; positioning=\u00a0\u00bbabsolute\u00a0\u00bb position_origin_a=\u00a0\u00bbtop_right\u00a0\u00bb position_origin_a_tablet=\u00a0\u00bb\u00a0\u00bb position_origin_a_phone=\u00a0\u00bb\u00a0\u00bb position_origin_a_last_edited=\u00a0\u00bbon|tablet\u00a0\u00bb position_origin_f_tablet=\u00a0\u00bb\u00a0\u00bb position_origin_f_phone=\u00a0\u00bb\u00a0\u00bb position_origin_f_last_edited=\u00a0\u00bbon|tablet\u00a0\u00bb position_origin_r_tablet=\u00a0\u00bb\u00a0\u00bb position_origin_r_phone=\u00a0\u00bb\u00a0\u00bb position_origin_r_last_edited=\u00a0\u00bbon|tablet\u00a0\u00bb width=\u00a0\u00bb56%\u00a0\u00bb max_width_tablet=\u00a0\u00bb300px\u00a0\u00bb max_width_phone=\u00a0\u00bb250px\u00a0\u00bb max_width_last_edited=\u00a0\u00bboff|desktop\u00a0\u00bb custom_margin=\u00a0\u00bb||||false|false\u00a0\u00bb custom_margin_tablet=\u00a0\u00bb-30vw||||false|false\u00a0\u00bb custom_margin_phone=\u00a0\u00bb-50vw||||false|false\u00a0\u00bb custom_margin_last_edited=\u00a0\u00bboff|tablet\u00a0\u00bb scroll_vertical_motion_enable=\u00a0\u00bbon\u00a0\u00bb scroll_vertical_motion=\u00a0\u00bb0|50|50|100|1|0|-1&Prime; positioning_tablet=\u00a0\u00bbrelative\u00a0\u00bb positioning_phone=\u00a0\u00bb\u00a0\u00bb positioning_last_edited=\u00a0\u00bbon|tablet\u00a0\u00bb scroll_vertical_motion_tablet=\u00a0\u00bb0|50|50|100|0|0|0&Prime; scroll_vertical_motion_phone=\u00a0\u00bb\u00a0\u00bb scroll_vertical_motion_last_edited=\u00a0\u00bbon|tablet\u00a0\u00bb locked=\u00a0\u00bboff\u00a0\u00bb global_colors_info=\u00a0\u00bb{}\u00a0\u00bb][\/et_pb_image][et_pb_text _builder_version=\u00a0\u00bb4.18.0&Prime; text_font=\u00a0\u00bbCaveat||||||||\u00a0\u00bb text_text_color=\u00a0\u00bb#f4f1ec\u00a0\u00bb text_font_size=\u00a0\u00bb161px\u00a0\u00bb text_letter_spacing=\u00a0\u00bb14px\u00a0\u00bb header_2_font=\u00a0\u00bbCaveat||||||||\u00a0\u00bb header_2_text_color=\u00a0\u00bb#f4f1ec\u00a0\u00bb header_2_font_size=\u00a0\u00bb300px\u00a0\u00bb header_2_line_height=\u00a0\u00bb0.8em\u00a0\u00bb positioning=\u00a0\u00bbabsolute\u00a0\u00bb position_origin_a=\u00a0\u00bbbottom_right\u00a0\u00bb position_origin_a_tablet=\u00a0\u00bbbottom_center\u00a0\u00bb position_origin_a_phone=\u00a0\u00bb\u00a0\u00bb position_origin_a_last_edited=\u00a0\u00bbon|tablet\u00a0\u00bb position_origin_f_tablet=\u00a0\u00bb\u00a0\u00bb position_origin_f_phone=\u00a0\u00bb\u00a0\u00bb position_origin_f_last_edited=\u00a0\u00bbon|tablet\u00a0\u00bb position_origin_r_tablet=\u00a0\u00bb\u00a0\u00bb position_origin_r_phone=\u00a0\u00bb\u00a0\u00bb position_origin_r_last_edited=\u00a0\u00bbon|tablet\u00a0\u00bb background_layout=\u00a0\u00bbdark\u00a0\u00bb width=\u00a0\u00bb121%\u00a0\u00bb custom_margin=\u00a0\u00bb|55px|61px|0px|false|false\u00a0\u00bb custom_margin_tablet=\u00a0\u00bb||0px||false|false\u00a0\u00bb custom_margin_phone=\u00a0\u00bb\u00a0\u00bb custom_margin_last_edited=\u00a0\u00bbon|tablet\u00a0\u00bb text_text_color_tablet=\u00a0\u00bb#ffffff\u00a0\u00bb text_text_color_last_edited=\u00a0\u00bboff|tablet\u00a0\u00bb text_font_size_tablet=\u00a0\u00bb20vw\u00a0\u00bb text_font_size_phone=\u00a0\u00bb200px\u00a0\u00bb text_font_size_last_edited=\u00a0\u00bboff|desktop\u00a0\u00bb header_2_text_color_tablet=\u00a0\u00bb#ffffff\u00a0\u00bb header_2_text_color_phone=\u00a0\u00bb\u00a0\u00bb header_2_text_color_last_edited=\u00a0\u00bbon|tablet\u00a0\u00bb header_2_font_size_tablet=\u00a0\u00bb20vw\u00a0\u00bb header_2_font_size_phone=\u00a0\u00bb\u00a0\u00bb header_2_font_size_last_edited=\u00a0\u00bbon|tablet\u00a0\u00bb positioning_tablet=\u00a0\u00bb\u00a0\u00bb positioning_phone=\u00a0\u00bb\u00a0\u00bb positioning_last_edited=\u00a0\u00bbon|tablet\u00a0\u00bb locked=\u00a0\u00bboff\u00a0\u00bb global_colors_info=\u00a0\u00bb{}\u00a0\u00bb]<\/p>\n<p>A Propos<\/p>\n<p>[\/et_pb_text][\/et_pb_column][et_pb_column type=\u00a0\u00bb1_2&Prime; _builder_version=\u00a0\u00bb4.16&Prime; custom_padding=\u00a0\u00bb||15vw||false|false\u00a0\u00bb global_colors_info=\u00a0\u00bb{}\u00a0\u00bb][et_pb_text _builder_version=\u00a0\u00bb4.16&Prime; text_font=\u00a0\u00bb||||||||\u00a0\u00bb text_font_size=\u00a0\u00bb16px\u00a0\u00bb text_line_height=\u00a0\u00bb2em\u00a0\u00bb text_orientation=\u00a0\u00bbjustified\u00a0\u00bb text_font_size_tablet=\u00a0\u00bb15px\u00a0\u00bb text_font_size_phone=\u00a0\u00bb14px\u00a0\u00bb text_font_size_last_edited=\u00a0\u00bbon|phone\u00a0\u00bb global_colors_info=\u00a0\u00bb{}\u00a0\u00bb]<\/p>\n<p>Testez la graphologie assist\u00e9e par ordinateur. Analysez une signature en r\u00e9pondant \u00e0 des questions tr\u00e8s simples en suivant nos exemples<\/p>\n<p>[\/et_pb_text][\/et_pb_column][\/et_pb_row][\/et_pb_section][et_pb_section fb_built=\u00a0\u00bb1&Prime; _builder_version=\u00a0\u00bb4.16&Prime; _module_preset=\u00a0\u00bbdefault\u00a0\u00bb global_colors_info=\u00a0\u00bb{}\u00a0\u00bb][et_pb_row _builder_version=\u00a0\u00bb4.16&Prime; _module_preset=\u00a0\u00bbdefault\u00a0\u00bb global_colors_info=\u00a0\u00bb{}\u00a0\u00bb][et_pb_column type=\u00a0\u00bb4_4&Prime; _builder_version=\u00a0\u00bb4.16&Prime; _module_preset=\u00a0\u00bbdefault\u00a0\u00bb global_colors_info=\u00a0\u00bb{}\u00a0\u00bb][et_pb_text _builder_version=\u00a0\u00bb4.18.0&Prime; _module_preset=\u00a0\u00bbdefault\u00a0\u00bb text_font=\u00a0\u00bbCaveat||||||||\u00a0\u00bb text_font_size=\u00a0\u00bb29px\u00a0\u00bb global_colors_info=\u00a0\u00bb{}\u00a0\u00bb]<\/p>\n<p>Que peut-on apprendre d&rsquo;une simple signature ?<\/p>\n<p>[\/et_pb_text][et_pb_text _builder_version=\u00a0\u00bb4.18.0&Prime; _module_preset=\u00a0\u00bbdefault\u00a0\u00bb text_font_size=\u00a0\u00bb22px\u00a0\u00bb hover_enabled=\u00a0\u00bb0&Prime; sticky_enabled=\u00a0\u00bb0&Prime;]<\/p>\n<p>Analyse : Tarif 15 \u20ac<\/p>\n<p>[\/et_pb_text][et_pb_code raw_content_last_edited=\u00a0\u00bboff|desktop\u00a0\u00bb _builder_version=\u00a0\u00bb4.18.0&Prime; _module_preset=\u00a0\u00bbdefault\u00a0\u00bb global_colors_info=\u00a0\u00bb{}\u00a0\u00bb]<div><p>Extraits possibles :<\/p><\/div><div><p>Rien n\u2019est automatique ni \u00e0 prendre de mani\u00e8re isol\u00e9e. <\/p><\/div><div><p>Notre algorithme compare, diff\u00e9rencie et analyse \u00e0 partir de 21 points caract\u00e9ristiques.<\/p><\/div><div style='width:80%; margin-left:10%; margin-bottom:30px; margin-top:20px; padding:20px; background:#ffffff; border:solid 1px #000000;'><p>La personne reste prudente dans ses contacts comme dans ses actions.\r\nSouvent elle attend. Elle a besoin de v\u00e9rifier l'effet qu'elle produit sur les autres. Peut-\u00eatre son \u00e9volution marque-t-elle une \u00e9tape.\r\nElle peut parfois manquer d'initiatives par ind\u00e9cision.\r\nElle a int\u00e9r\u00eat \u00e0 ne pas rester trop \u00e9gocentr\u00e9e si elle veut \u00e9voluer.\r\nElle a un fort besoin de reconnaissance pour s\u2019\u00e9panouir.<\/p><\/div><div style='width:80%; margin-left:10%; padding:20px; background:#ffffff; border:solid 1px #000000;'><p>La personne montre une certaine fiert\u00e9\u00a0: l\u00e9gitime si elle n'est pas trop exag\u00e9r\u00e9e, celle-ci lui permet de s'\u00e9lever, d'oser l\u00e0 o\u00f9 d'autres n\u2019oseraient pas. \r\nElle en rajoute un peu sur ses capacit\u00e9s et comp\u00e9tences.\r\nElle se montre distante avec certaines personnes\u00a0: ses relations  doivent la \"m\u00e9riter\".<\/p><\/div>[\/et_pb_code][et_pb_code _builder_version=\u00a0\u00bb4.18.0&Prime; _module_preset=\u00a0\u00bbdefault\u00a0\u00bb global_colors_info=\u00a0\u00bb{}\u00a0\u00bb] \n <div id=\"secondbar\">\n\n      <div class=\"presentation\">\n      <p>Pr\u00e9paration liminaire.<\/p>\n\n      <\/div>\n      <div class=\"presentation\">\n\n      <p>Assurez vous d'avoir le temps (environ 15 minutes). Vous \u00eates sur le point de r\u00e9pondre \u00e0 21 questions cibl\u00e9es.<\/p>\n      <\/div>\n\n\n\n\n <\/div>\n \n <div id=\"corps\">\n\n            <div class=\"presentation\">\n\n         <p>Choisissez si possible une feuille r\u00e9dig\u00e9e (contrat, charte, liste de chose \u00e0 faire) et signer ou faites signer naturellement votre candidat<\/p>\n         <p>D\u00e8s que vous \u00eates pr\u00eat, cliquez sur le bouton \"Commencer\" et r\u00e9pondez le plus naturellement possible aux questions qui vont vous \u00eatre pos\u00e9es<\/p>\n         <p>L'analyse sera construite automatiquement par nos algorithmes<\/p>\n         <\/div>\n\n         <form\n         method=\"post\"\n         action=\"\"\n         >\n         <input type=\"hidden\" name=\"etape\" value=\"1\"\/>\n         <input class=\"buttonSign\" type=\"submit\" class=\".et_pb_button_1\" data-icon=\"$\" value=\"Commencer\"\/>\n\n         <\/form>\n\n         \n <\/div>\n[\/et_pb_code][\/et_pb_column][\/et_pb_row][\/et_pb_section]<\/p>\n","protected":false},"excerpt":{"rendered":"<p>Italo PrimusA ProposTestez la graphologie assist\u00e9e par ordinateur. Analysez une signature en r\u00e9pondant \u00e0 des questions tr\u00e8s simples en suivant nos exemplesQue peut-on apprendre d&rsquo;une simple signature ?Analyse : Tarif 15 \u20ac \n <div id=\"secondbar\">\n\n      <div class=\"presentation\">\n      <p>Pr\u00e9paration liminaire.<\/p>\n\n      <\/div>\n      <div class=\"presentation\">\n\n      <p>Assurez vous d'avoir le temps (environ 15 minutes). Vous \u00eates sur le point de r\u00e9pondre \u00e0 21 questions cibl\u00e9es.<\/p>\n      <\/div>\n\n\n\n\n <\/div>\n \n <div id=\"corps\">\n\n            <div class=\"presentation\">\n\n         <p>Choisissez si possible une feuille r\u00e9dig\u00e9e (contrat, charte, liste de chose \u00e0 faire) et signer ou faites signer naturellement votre candidat<\/p>\n         <p>D\u00e8s que vous \u00eates pr\u00eat, cliquez sur le bouton \"Commencer\" et r\u00e9pondez le plus naturellement possible aux questions qui vont vous \u00eatre pos\u00e9es<\/p>\n         <p>L'analyse sera construite automatiquement par nos algorithmes<\/p>\n         <\/div>\n\n         <form\n         method=\"post\"\n         action=\"\"\n         >\n         <input type=\"hidden\" name=\"etape\" value=\"1\"\/>\n         <input class=\"buttonSign\" type=\"submit\" class=\".et_pb_button_1\" data-icon=\"$\" value=\"Commencer\"\/>\n\n         <\/form>\n\n         \n <\/div>\n<\/p>\n","protected":false},"author":1,"featured_media":0,"parent":0,"menu_order":0,"comment_status":"closed","ping_status":"closed","template":"","meta":{"_et_pb_use_builder":"on","_et_pb_old_content":"","_et_gb_content_width":"","footnotes":""},"class_list":["post-20","page","type-page","status-publish","hentry"],"_links":{"self":[{"href":"https:\/\/italoprimus-coach.fr\/index.php?rest_route=\/wp\/v2\/pages\/20","targetHints":{"allow":["GET"]}}],"collection":[{"href":"https:\/\/italoprimus-coach.fr\/index.php?rest_route=\/wp\/v2\/pages"}],"about":[{"href":"https:\/\/italoprimus-coach.fr\/index.php?rest_route=\/wp\/v2\/types\/page"}],"author":[{"embeddable":true,"href":"https:\/\/italoprimus-coach.fr\/index.php?rest_route=\/wp\/v2\/users\/1"}],"replies":[{"embeddable":true,"href":"https:\/\/italoprimus-coach.fr\/index.php?rest_route=%2Fwp%2Fv2%2Fcomments&post=20"}],"version-history":[{"count":3,"href":"https:\/\/italoprimus-coach.fr\/index.php?rest_route=\/wp\/v2\/pages\/20\/revisions"}],"predecessor-version":[{"id":59,"href":"https:\/\/italoprimus-coach.fr\/index.php?rest_route=\/wp\/v2\/pages\/20\/revisions\/59"}],"wp:attachment":[{"href":"https:\/\/italoprimus-coach.fr\/index.php?rest_route=%2Fwp%2Fv2%2Fmedia&parent=20"}],"curies":[{"name":"wp","href":"https:\/\/api.w.org\/{rel}","templated":true}]}}